{"id":952,"date":"2018-10-02T10:51:37","date_gmt":"2018-10-02T08:51:37","guid":{"rendered":"http:\/\/prisme-proparco.fr\/presentation-prisme\/"},"modified":"2019-04-17T10:02:21","modified_gmt":"2019-04-17T08:02:21","slug":"initiative-choose-africa","status":"publish","type":"page","link":"https:\/\/afd-chooseafrica-qa.cegedim.cloud\/en\/initiative-choose-africa\/","title":{"rendered":"Initiative Choose Africa"},"content":{"rendered":"<p><iframe loading=\"lazy\" width=\"900\" height=\"506\" src=\"https:\/\/www.youtube.com\/embed\/fmmV5ivNpYY?feature=oembed\" frameborder=\"0\" allow=\"accelerometer; autoplay; encrypted-media; gyroscope; picture-in-picture\" allowfullscreen><\/iframe><\/p>\n","protected":false},"excerpt":{"rendered":"","protected":false},"author":11,"featured_media":992,"parent":0,"menu_order":0,"comment_status":"closed","ping_status":"closed","template":"page-presentation.php","meta":{"_acf_changed":false,"footnotes":""},"class_list":["post-952","page","type-page","status-publish","has-post-thumbnail","hentry"],"acf":[],"yoast_head":"<!-- This site is optimized with the Yoast SEO plugin v26.4 - https:\/\/yoast.com\/wordpress\/plugins\/seo\/ -->\n<title>Initiative Choose Africa - Choose Africa<\/title>\n<meta name=\"description\" content=\"Acc\u00e9l\u00e9rer la croissance des petites et moyennes entreprises dans les pays en d\u00e9veloppement et \u00e9mergents, c\u2019est le but du programme PRISME.\" \/>\n<meta name=\"robots\" content=\"index, follow, max-snippet:-1, max-image-preview:large, max-video-preview:-1\" \/>\n<link rel=\"canonical\" href=\"https:\/\/afd-chooseafrica-qa.cegedim.cloud\/en\/initiative-choose-africa\/\" \/>\n<meta property=\"og:locale\" content=\"en_US\" \/>\n<meta property=\"og:type\" content=\"article\" \/>\n<meta property=\"og:title\" content=\"Initiative Choose Africa - Choose Africa\" \/>\n<meta property=\"og:description\" content=\"Acc\u00e9l\u00e9rer la croissance des petites et moyennes entreprises dans les pays en d\u00e9veloppement et \u00e9mergents, c\u2019est le but du programme PRISME.\" \/>\n<meta property=\"og:url\" content=\"https:\/\/afd-chooseafrica-qa.cegedim.cloud\/en\/initiative-choose-africa\/\" \/>\n<meta property=\"og:site_name\" content=\"Choose Africa\" \/>\n<meta property=\"article:modified_time\" content=\"2019-04-17T08:02:21+00:00\" \/>\n<meta property=\"og:image\" content=\"https:\/\/afd-chooseafrica-qa.cegedim.cloud\/wp-content\/uploads\/2018\/10\/c-Dennis-Degnan-copie.jpg\" \/>\n\t<meta property=\"og:image:width\" content=\"1482\" \/>\n\t<meta property=\"og:image:height\" content=\"619\" \/>\n\t<meta property=\"og:image:type\" content=\"image\/jpeg\" \/>\n<meta name=\"twitter:card\" content=\"summary_large_image\" \/>\n<script type=\"application\/ld+json\" class=\"yoast-schema-graph\">{\"@context\":\"https:\/\/schema.org\",\"@graph\":[{\"@type\":\"WebPage\",\"@id\":\"https:\/\/afd-chooseafrica-qa.cegedim.cloud\/en\/initiative-choose-africa\/\",\"url\":\"https:\/\/afd-chooseafrica-qa.cegedim.cloud\/en\/initiative-choose-africa\/\",\"name\":\"Initiative Choose Africa - Choose Africa\",\"isPartOf\":{\"@id\":\"https:\/\/afd-chooseafrica-qa.cegedim.cloud\/#website\"},\"primaryImageOfPage\":{\"@id\":\"https:\/\/afd-chooseafrica-qa.cegedim.cloud\/en\/initiative-choose-africa\/#primaryimage\"},\"image\":{\"@id\":\"https:\/\/afd-chooseafrica-qa.cegedim.cloud\/en\/initiative-choose-africa\/#primaryimage\"},\"thumbnailUrl\":\"https:\/\/afd-chooseafrica-qa.cegedim.cloud\/wp-content\/uploads\/2018\/10\/c-Dennis-Degnan-copie.jpg\",\"datePublished\":\"2018-10-02T08:51:37+00:00\",\"dateModified\":\"2019-04-17T08:02:21+00:00\",\"description\":\"Acc\u00e9l\u00e9rer la croissance des petites et moyennes entreprises dans les pays en d\u00e9veloppement et \u00e9mergents, c\u2019est le but du programme PRISME.\",\"breadcrumb\":{\"@id\":\"https:\/\/afd-chooseafrica-qa.cegedim.cloud\/en\/initiative-choose-africa\/#breadcrumb\"},\"inLanguage\":\"en-US\",\"potentialAction\":[{\"@type\":\"ReadAction\",\"target\":[\"https:\/\/afd-chooseafrica-qa.cegedim.cloud\/en\/initiative-choose-africa\/\"]}]},{\"@type\":\"ImageObject\",\"inLanguage\":\"en-US\",\"@id\":\"https:\/\/afd-chooseafrica-qa.cegedim.cloud\/en\/initiative-choose-africa\/#primaryimage\",\"url\":\"https:\/\/afd-chooseafrica-qa.cegedim.cloud\/wp-content\/uploads\/2018\/10\/c-Dennis-Degnan-copie.jpg\",\"contentUrl\":\"https:\/\/afd-chooseafrica-qa.cegedim.cloud\/wp-content\/uploads\/2018\/10\/c-Dennis-Degnan-copie.jpg\",\"width\":1482,\"height\":619,\"caption\":\"Beijing, China --- Construction Workers Laying Electrical Conduit on Rebar Base --- Image by \u00a9 Dennis Degnan\/Corbis\"},{\"@type\":\"BreadcrumbList\",\"@id\":\"https:\/\/afd-chooseafrica-qa.cegedim.cloud\/en\/initiative-choose-africa\/#breadcrumb\",\"itemListElement\":[{\"@type\":\"ListItem\",\"position\":1,\"name\":\"Accueil\",\"item\":\"https:\/\/afd-chooseafrica-qa.cegedim.cloud\/en\/\"},{\"@type\":\"ListItem\",\"position\":2,\"name\":\"Initiative Choose Africa\"}]},{\"@type\":\"WebSite\",\"@id\":\"https:\/\/afd-chooseafrica-qa.cegedim.cloud\/#website\",\"url\":\"https:\/\/afd-chooseafrica-qa.cegedim.cloud\/\",\"name\":\"Choose Africa\",\"description\":\"\",\"publisher\":{\"@id\":\"https:\/\/afd-chooseafrica-qa.cegedim.cloud\/#organization\"},\"potentialAction\":[{\"@type\":\"SearchAction\",\"target\":{\"@type\":\"EntryPoint\",\"urlTemplate\":\"https:\/\/afd-chooseafrica-qa.cegedim.cloud\/?s={search_term_string}\"},\"query-input\":{\"@type\":\"PropertyValueSpecification\",\"valueRequired\":true,\"valueName\":\"search_term_string\"}}],\"inLanguage\":\"en-US\"},{\"@type\":\"Organization\",\"@id\":\"https:\/\/afd-chooseafrica-qa.cegedim.cloud\/#organization\",\"name\":\"Choose Africa\",\"url\":\"https:\/\/afd-chooseafrica-qa.cegedim.cloud\/\",\"logo\":{\"@type\":\"ImageObject\",\"inLanguage\":\"en-US\",\"@id\":\"https:\/\/afd-chooseafrica-qa.cegedim.cloud\/#\/schema\/logo\/image\/\",\"url\":\"https:\/\/afd-chooseafrica-qa.cegedim.cloud\/wp-content\/uploads\/2019\/03\/CHOOSE-AFRICA.png\",\"contentUrl\":\"https:\/\/afd-chooseafrica-qa.cegedim.cloud\/wp-content\/uploads\/2019\/03\/CHOOSE-AFRICA.png\",\"width\":600,\"height\":256,\"caption\":\"Choose Africa\"},\"image\":{\"@id\":\"https:\/\/afd-chooseafrica-qa.cegedim.cloud\/#\/schema\/logo\/image\/\"}}]}<\/script>\n<!-- \/ Yoast SEO plugin. -->","yoast_head_json":{"title":"Initiative Choose Africa - Choose Africa","description":"Acc\u00e9l\u00e9rer la croissance des petites et moyennes entreprises dans les pays en d\u00e9veloppement et \u00e9mergents, c\u2019est le but du programme PRISME.","robots":{"index":"index","follow":"follow","max-snippet":"max-snippet:-1","max-image-preview":"max-image-preview:large","max-video-preview":"max-video-preview:-1"},"canonical":"https:\/\/afd-chooseafrica-qa.cegedim.cloud\/en\/initiative-choose-africa\/","og_locale":"en_US","og_type":"article","og_title":"Initiative Choose Africa - Choose Africa","og_description":"Acc\u00e9l\u00e9rer la croissance des petites et moyennes entreprises dans les pays en d\u00e9veloppement et \u00e9mergents, c\u2019est le but du programme PRISME.","og_url":"https:\/\/afd-chooseafrica-qa.cegedim.cloud\/en\/initiative-choose-africa\/","og_site_name":"Choose Africa","article_modified_time":"2019-04-17T08:02:21+00:00","og_image":[{"width":1482,"height":619,"url":"https:\/\/afd-chooseafrica-qa.cegedim.cloud\/wp-content\/uploads\/2018\/10\/c-Dennis-Degnan-copie.jpg","type":"image\/jpeg"}],"twitter_card":"summary_large_image","schema":{"@context":"https:\/\/schema.org","@graph":[{"@type":"WebPage","@id":"https:\/\/afd-chooseafrica-qa.cegedim.cloud\/en\/initiative-choose-africa\/","url":"https:\/\/afd-chooseafrica-qa.cegedim.cloud\/en\/initiative-choose-africa\/","name":"Initiative Choose Africa - Choose Africa","isPartOf":{"@id":"https:\/\/afd-chooseafrica-qa.cegedim.cloud\/#website"},"primaryImageOfPage":{"@id":"https:\/\/afd-chooseafrica-qa.cegedim.cloud\/en\/initiative-choose-africa\/#primaryimage"},"image":{"@id":"https:\/\/afd-chooseafrica-qa.cegedim.cloud\/en\/initiative-choose-africa\/#primaryimage"},"thumbnailUrl":"https:\/\/afd-chooseafrica-qa.cegedim.cloud\/wp-content\/uploads\/2018\/10\/c-Dennis-Degnan-copie.jpg","datePublished":"2018-10-02T08:51:37+00:00","dateModified":"2019-04-17T08:02:21+00:00","description":"Acc\u00e9l\u00e9rer la croissance des petites et moyennes entreprises dans les pays en d\u00e9veloppement et \u00e9mergents, c\u2019est le but du programme PRISME.","breadcrumb":{"@id":"https:\/\/afd-chooseafrica-qa.cegedim.cloud\/en\/initiative-choose-africa\/#breadcrumb"},"inLanguage":"en-US","potentialAction":[{"@type":"ReadAction","target":["https:\/\/afd-chooseafrica-qa.cegedim.cloud\/en\/initiative-choose-africa\/"]}]},{"@type":"ImageObject","inLanguage":"en-US","@id":"https:\/\/afd-chooseafrica-qa.cegedim.cloud\/en\/initiative-choose-africa\/#primaryimage","url":"https:\/\/afd-chooseafrica-qa.cegedim.cloud\/wp-content\/uploads\/2018\/10\/c-Dennis-Degnan-copie.jpg","contentUrl":"https:\/\/afd-chooseafrica-qa.cegedim.cloud\/wp-content\/uploads\/2018\/10\/c-Dennis-Degnan-copie.jpg","width":1482,"height":619,"caption":"Beijing, China --- Construction Workers Laying Electrical Conduit on Rebar Base --- Image by \u00a9 Dennis Degnan\/Corbis"},{"@type":"BreadcrumbList","@id":"https:\/\/afd-chooseafrica-qa.cegedim.cloud\/en\/initiative-choose-africa\/#breadcrumb","itemListElement":[{"@type":"ListItem","position":1,"name":"Accueil","item":"https:\/\/afd-chooseafrica-qa.cegedim.cloud\/en\/"},{"@type":"ListItem","position":2,"name":"Initiative Choose Africa"}]},{"@type":"WebSite","@id":"https:\/\/afd-chooseafrica-qa.cegedim.cloud\/#website","url":"https:\/\/afd-chooseafrica-qa.cegedim.cloud\/","name":"Choose Africa","description":"","publisher":{"@id":"https:\/\/afd-chooseafrica-qa.cegedim.cloud\/#organization"},"potentialAction":[{"@type":"SearchAction","target":{"@type":"EntryPoint","urlTemplate":"https:\/\/afd-chooseafrica-qa.cegedim.cloud\/?s={search_term_string}"},"query-input":{"@type":"PropertyValueSpecification","valueRequired":true,"valueName":"search_term_string"}}],"inLanguage":"en-US"},{"@type":"Organization","@id":"https:\/\/afd-chooseafrica-qa.cegedim.cloud\/#organization","name":"Choose Africa","url":"https:\/\/afd-chooseafrica-qa.cegedim.cloud\/","logo":{"@type":"ImageObject","inLanguage":"en-US","@id":"https:\/\/afd-chooseafrica-qa.cegedim.cloud\/#\/schema\/logo\/image\/","url":"https:\/\/afd-chooseafrica-qa.cegedim.cloud\/wp-content\/uploads\/2019\/03\/CHOOSE-AFRICA.png","contentUrl":"https:\/\/afd-chooseafrica-qa.cegedim.cloud\/wp-content\/uploads\/2019\/03\/CHOOSE-AFRICA.png","width":600,"height":256,"caption":"Choose Africa"},"image":{"@id":"https:\/\/afd-chooseafrica-qa.cegedim.cloud\/#\/schema\/logo\/image\/"}}]}},"_links":{"self":[{"href":"https:\/\/afd-chooseafrica-qa.cegedim.cloud\/en\/wp-json\/wp\/v2\/pages\/952","targetHints":{"allow":["GET"]}}],"collection":[{"href":"https:\/\/afd-chooseafrica-qa.cegedim.cloud\/en\/wp-json\/wp\/v2\/pages"}],"about":[{"href":"https:\/\/afd-chooseafrica-qa.cegedim.cloud\/en\/wp-json\/wp\/v2\/types\/page"}],"author":[{"embeddable":true,"href":"https:\/\/afd-chooseafrica-qa.cegedim.cloud\/en\/wp-json\/wp\/v2\/users\/11"}],"replies":[{"embeddable":true,"href":"https:\/\/afd-chooseafrica-qa.cegedim.cloud\/en\/wp-json\/wp\/v2\/comments?post=952"}],"version-history":[{"count":29,"href":"https:\/\/afd-chooseafrica-qa.cegedim.cloud\/en\/wp-json\/wp\/v2\/pages\/952\/revisions"}],"predecessor-version":[{"id":2203,"href":"https:\/\/afd-chooseafrica-qa.cegedim.cloud\/en\/wp-json\/wp\/v2\/pages\/952\/revisions\/2203"}],"wp:featuredmedia":[{"embeddable":true,"href":"https:\/\/afd-chooseafrica-qa.cegedim.cloud\/en\/wp-json\/wp\/v2\/media\/992"}],"wp:attachment":[{"href":"https:\/\/afd-chooseafrica-qa.cegedim.cloud\/en\/wp-json\/wp\/v2\/media?parent=952"}],"curies":[{"name":"wp","href":"https:\/\/api.w.org\/{rel}","templated":true}]}}