{"id":954,"date":"2018-09-17T14:50:02","date_gmt":"2018-09-17T12:50:02","guid":{"rendered":"http:\/\/prisme-proparco.fr\/politique-de-confidentialite\/"},"modified":"2020-12-07T15:59:18","modified_gmt":"2020-12-07T14:59:18","slug":"legal-notice","status":"publish","type":"page","link":"https:\/\/afd-chooseafrica-qa.cegedim.cloud\/en\/legal-notice\/","title":{"rendered":"Legal notice and general conditions of use for the AFD Group\u2019s website"},"content":{"rendered":"<p style=\"text-align: center;\">The website www.choose-africa.com (hereinafter \u201cthe website\u201d or \u201cchoose-africa&#8217;s website\u201d) is published by Soci\u00e9t\u00e9 de Promotion et de Participation pour la Coop\u00e9ration Economique (hereinafter \u201cProparco\u201d), a subsidiary of Agence Fran\u00e7aise de D\u00e9veloppement (AFD, )a Joint stock company with a capital appropriation of \u20ac693,079,200.00, registered on the Paris Trade and Companies Register under Number 310 792 205, Intra-Community VAT N\u00b0 FR 173 107 92 205.<\/p>\n<p>&nbsp;<\/p>\n","protected":false},"excerpt":{"rendered":"The website www.choose-africa.com (hereinafter \u201cthe website\u201d or \u201cchoose-africa&#8217;s website\u201d) is published by Soci\u00e9t\u00e9 de Promotion et de Participation pour la Coop\u00e9ration Economique (hereinafter \u201cProparco\u201d), a subsidiary of Agence Fran\u00e7aise de D\u00e9veloppement (AFD, )a Joint stock company with a capital appropriation of \u20ac693,079,200.00, registered on the Paris Trade and Companies Register under Number 310 792 205,&#8230; <a class=\"view-article\" href=\"https:\/\/afd-chooseafrica-qa.cegedim.cloud\/en\/legal-notice\/\">View Article<\/a>","protected":false},"author":11,"featured_media":0,"parent":0,"menu_order":0,"comment_status":"closed","ping_status":"open","template":"page-legal-info.php","meta":{"_acf_changed":false,"footnotes":""},"class_list":["post-954","page","type-page","status-publish","hentry"],"acf":[],"yoast_head":"<!-- This site is optimized with the Yoast SEO plugin v26.4 - https:\/\/yoast.com\/wordpress\/plugins\/seo\/ -->\n<title>Legal notice and general conditions of use for the AFD Group\u2019s website - Choose Africa<\/title>\n<meta name=\"robots\" content=\"index, follow, max-snippet:-1, max-image-preview:large, max-video-preview:-1\" \/>\n<link rel=\"canonical\" href=\"https:\/\/afd-chooseafrica-qa.cegedim.cloud\/mentions-legales\/\" \/>\n<meta property=\"og:locale\" content=\"en_US\" \/>\n<meta property=\"og:type\" content=\"article\" \/>\n<meta property=\"og:title\" content=\"Legal notice and general conditions of use for the AFD Group\u2019s website - Choose Africa\" \/>\n<meta property=\"og:description\" content=\"The website www.choose-africa.com (hereinafter \u201cthe website\u201d or \u201cchoose-africa&#8217;s website\u201d) is published by Soci\u00e9t\u00e9 de Promotion et de Participation pour la Coop\u00e9ration Economique (hereinafter \u201cProparco\u201d), a subsidiary of Agence Fran\u00e7aise de D\u00e9veloppement (AFD, )a Joint stock company with a capital appropriation of \u20ac693,079,200.00, registered on the Paris Trade and Companies Register under Number 310 792 205,... View Article\" \/>\n<meta property=\"og:url\" content=\"https:\/\/afd-chooseafrica-qa.cegedim.cloud\/mentions-legales\/\" \/>\n<meta property=\"og:site_name\" content=\"Choose Africa\" \/>\n<meta property=\"article:modified_time\" content=\"2020-12-07T14:59:18+00:00\" \/>\n<meta name=\"twitter:card\" content=\"summary_large_image\" \/>\n<script type=\"application\/ld+json\" class=\"yoast-schema-graph\">{\"@context\":\"https:\/\/schema.org\",\"@graph\":[{\"@type\":\"WebPage\",\"@id\":\"https:\/\/afd-chooseafrica-qa.cegedim.cloud\/mentions-legales\/\",\"url\":\"https:\/\/afd-chooseafrica-qa.cegedim.cloud\/mentions-legales\/\",\"name\":\"Legal notice and general conditions of use for the AFD Group\u2019s website - Choose Africa\",\"isPartOf\":{\"@id\":\"https:\/\/afd-chooseafrica-qa.cegedim.cloud\/#website\"},\"datePublished\":\"2018-09-17T12:50:02+00:00\",\"dateModified\":\"2020-12-07T14:59:18+00:00\",\"breadcrumb\":{\"@id\":\"https:\/\/afd-chooseafrica-qa.cegedim.cloud\/mentions-legales\/#breadcrumb\"},\"inLanguage\":\"en-US\",\"potentialAction\":[{\"@type\":\"ReadAction\",\"target\":[\"https:\/\/afd-chooseafrica-qa.cegedim.cloud\/mentions-legales\/\"]}]},{\"@type\":\"BreadcrumbList\",\"@id\":\"https:\/\/afd-chooseafrica-qa.cegedim.cloud\/mentions-legales\/#breadcrumb\",\"itemListElement\":[{\"@type\":\"ListItem\",\"position\":1,\"name\":\"Accueil\",\"item\":\"https:\/\/afd-chooseafrica-qa.cegedim.cloud\/en\/\"},{\"@type\":\"ListItem\",\"position\":2,\"name\":\"Legal notice and general conditions of use for the AFD Group\u2019s website\"}]},{\"@type\":\"WebSite\",\"@id\":\"https:\/\/afd-chooseafrica-qa.cegedim.cloud\/#website\",\"url\":\"https:\/\/afd-chooseafrica-qa.cegedim.cloud\/\",\"name\":\"Choose Africa\",\"description\":\"\",\"publisher\":{\"@id\":\"https:\/\/afd-chooseafrica-qa.cegedim.cloud\/#organization\"},\"potentialAction\":[{\"@type\":\"SearchAction\",\"target\":{\"@type\":\"EntryPoint\",\"urlTemplate\":\"https:\/\/afd-chooseafrica-qa.cegedim.cloud\/?s={search_term_string}\"},\"query-input\":{\"@type\":\"PropertyValueSpecification\",\"valueRequired\":true,\"valueName\":\"search_term_string\"}}],\"inLanguage\":\"en-US\"},{\"@type\":\"Organization\",\"@id\":\"https:\/\/afd-chooseafrica-qa.cegedim.cloud\/#organization\",\"name\":\"Choose Africa\",\"url\":\"https:\/\/afd-chooseafrica-qa.cegedim.cloud\/\",\"logo\":{\"@type\":\"ImageObject\",\"inLanguage\":\"en-US\",\"@id\":\"https:\/\/afd-chooseafrica-qa.cegedim.cloud\/#\/schema\/logo\/image\/\",\"url\":\"https:\/\/afd-chooseafrica-qa.cegedim.cloud\/wp-content\/uploads\/2019\/03\/CHOOSE-AFRICA.png\",\"contentUrl\":\"https:\/\/afd-chooseafrica-qa.cegedim.cloud\/wp-content\/uploads\/2019\/03\/CHOOSE-AFRICA.png\",\"width\":600,\"height\":256,\"caption\":\"Choose Africa\"},\"image\":{\"@id\":\"https:\/\/afd-chooseafrica-qa.cegedim.cloud\/#\/schema\/logo\/image\/\"}}]}<\/script>\n<!-- \/ Yoast SEO plugin. -->","yoast_head_json":{"title":"Legal notice and general conditions of use for the AFD Group\u2019s website - Choose Africa","robots":{"index":"index","follow":"follow","max-snippet":"max-snippet:-1","max-image-preview":"max-image-preview:large","max-video-preview":"max-video-preview:-1"},"canonical":"https:\/\/afd-chooseafrica-qa.cegedim.cloud\/mentions-legales\/","og_locale":"en_US","og_type":"article","og_title":"Legal notice and general conditions of use for the AFD Group\u2019s website - Choose Africa","og_description":"The website www.choose-africa.com (hereinafter \u201cthe website\u201d or \u201cchoose-africa&#8217;s website\u201d) is published by Soci\u00e9t\u00e9 de Promotion et de Participation pour la Coop\u00e9ration Economique (hereinafter \u201cProparco\u201d), a subsidiary of Agence Fran\u00e7aise de D\u00e9veloppement (AFD, )a Joint stock company with a capital appropriation of \u20ac693,079,200.00, registered on the Paris Trade and Companies Register under Number 310 792 205,... View Article","og_url":"https:\/\/afd-chooseafrica-qa.cegedim.cloud\/mentions-legales\/","og_site_name":"Choose Africa","article_modified_time":"2020-12-07T14:59:18+00:00","twitter_card":"summary_large_image","schema":{"@context":"https:\/\/schema.org","@graph":[{"@type":"WebPage","@id":"https:\/\/afd-chooseafrica-qa.cegedim.cloud\/mentions-legales\/","url":"https:\/\/afd-chooseafrica-qa.cegedim.cloud\/mentions-legales\/","name":"Legal notice and general conditions of use for the AFD Group\u2019s website - Choose Africa","isPartOf":{"@id":"https:\/\/afd-chooseafrica-qa.cegedim.cloud\/#website"},"datePublished":"2018-09-17T12:50:02+00:00","dateModified":"2020-12-07T14:59:18+00:00","breadcrumb":{"@id":"https:\/\/afd-chooseafrica-qa.cegedim.cloud\/mentions-legales\/#breadcrumb"},"inLanguage":"en-US","potentialAction":[{"@type":"ReadAction","target":["https:\/\/afd-chooseafrica-qa.cegedim.cloud\/mentions-legales\/"]}]},{"@type":"BreadcrumbList","@id":"https:\/\/afd-chooseafrica-qa.cegedim.cloud\/mentions-legales\/#breadcrumb","itemListElement":[{"@type":"ListItem","position":1,"name":"Accueil","item":"https:\/\/afd-chooseafrica-qa.cegedim.cloud\/en\/"},{"@type":"ListItem","position":2,"name":"Legal notice and general conditions of use for the AFD Group\u2019s website"}]},{"@type":"WebSite","@id":"https:\/\/afd-chooseafrica-qa.cegedim.cloud\/#website","url":"https:\/\/afd-chooseafrica-qa.cegedim.cloud\/","name":"Choose Africa","description":"","publisher":{"@id":"https:\/\/afd-chooseafrica-qa.cegedim.cloud\/#organization"},"potentialAction":[{"@type":"SearchAction","target":{"@type":"EntryPoint","urlTemplate":"https:\/\/afd-chooseafrica-qa.cegedim.cloud\/?s={search_term_string}"},"query-input":{"@type":"PropertyValueSpecification","valueRequired":true,"valueName":"search_term_string"}}],"inLanguage":"en-US"},{"@type":"Organization","@id":"https:\/\/afd-chooseafrica-qa.cegedim.cloud\/#organization","name":"Choose Africa","url":"https:\/\/afd-chooseafrica-qa.cegedim.cloud\/","logo":{"@type":"ImageObject","inLanguage":"en-US","@id":"https:\/\/afd-chooseafrica-qa.cegedim.cloud\/#\/schema\/logo\/image\/","url":"https:\/\/afd-chooseafrica-qa.cegedim.cloud\/wp-content\/uploads\/2019\/03\/CHOOSE-AFRICA.png","contentUrl":"https:\/\/afd-chooseafrica-qa.cegedim.cloud\/wp-content\/uploads\/2019\/03\/CHOOSE-AFRICA.png","width":600,"height":256,"caption":"Choose Africa"},"image":{"@id":"https:\/\/afd-chooseafrica-qa.cegedim.cloud\/#\/schema\/logo\/image\/"}}]}},"_links":{"self":[{"href":"https:\/\/afd-chooseafrica-qa.cegedim.cloud\/en\/wp-json\/wp\/v2\/pages\/954","targetHints":{"allow":["GET"]}}],"collection":[{"href":"https:\/\/afd-chooseafrica-qa.cegedim.cloud\/en\/wp-json\/wp\/v2\/pages"}],"about":[{"href":"https:\/\/afd-chooseafrica-qa.cegedim.cloud\/en\/wp-json\/wp\/v2\/types\/page"}],"author":[{"embeddable":true,"href":"https:\/\/afd-chooseafrica-qa.cegedim.cloud\/en\/wp-json\/wp\/v2\/users\/11"}],"replies":[{"embeddable":true,"href":"https:\/\/afd-chooseafrica-qa.cegedim.cloud\/en\/wp-json\/wp\/v2\/comments?post=954"}],"version-history":[{"count":13,"href":"https:\/\/afd-chooseafrica-qa.cegedim.cloud\/en\/wp-json\/wp\/v2\/pages\/954\/revisions"}],"predecessor-version":[{"id":1361,"href":"https:\/\/afd-chooseafrica-qa.cegedim.cloud\/en\/wp-json\/wp\/v2\/pages\/954\/revisions\/1361"}],"wp:attachment":[{"href":"https:\/\/afd-chooseafrica-qa.cegedim.cloud\/en\/wp-json\/wp\/v2\/media?parent=954"}],"curies":[{"name":"wp","href":"https:\/\/api.w.org\/{rel}","templated":true}]}}